{"id":57,"date":"2021-03-01T09:36:33","date_gmt":"2021-03-01T14:36:33","guid":{"rendered":"https:\/\/www.cfslogistics.co\/informe-sostenibilidad\/?page_id=57"},"modified":"2021-05-07T16:30:45","modified_gmt":"2021-05-07T21:30:45","slug":"mensaje-del-presidente","status":"publish","type":"page","link":"https:\/\/www.cfslogistics.co\/informe-sostenibilidad\/mensaje-del-presidente\/","title":{"rendered":"Mensaje del presidente"},"content":{"rendered":"<p><span style=\"color: #004987;\"><strong>(102-14) Este Informe de Sostenibilidad <\/strong><\/span> da cuenta de las acciones emprendidas durante el a\u00f1o 2020, en t\u00e9rminos ambientales, sociales y econ\u00f3micos. Es el resultado de un trabajo integrado, llevado a cabo por las diferentes compa\u00f1\u00edas que integran el Grupo Empresarial GreenLand, que surge gracias a 40 a\u00f1os de trayectoria y al apoyo de nuestros accionistas para consolidarnos como el nuevo holding colombiano.<\/p>\n<p>GreenLand nace de un enfoque de crecimiento y consolidaci\u00f3n de nuestros negocios, bajo un direccionamiento de integralidad y posicionamiento sostenible, basados en la excelencia operativa, con prop\u00f3sito y sentido social y ambiental, generando valor a todos nuestros grupos de inter\u00e9s.<\/p>\n<p>Le apostamos al desarrollo sostenible de manera consciente, comprometidos, haciendo bien las cosas y con una ejecuci\u00f3n responsable, para as\u00ed lograr un desempe\u00f1o econ\u00f3mico que genere un impacto positivo en nuestra gente, las comunidades y los ecosistemas, identificados y alineados con un prop\u00f3sito global, de cara al cuidado del medio ambiente y la gesti\u00f3n social.<\/p>\n<p>Reconocemos a nuestros colaboradores como generadores de valor, pues son el motor de nuestra Organizaci\u00f3n. De igual forma, somos conscientes de nuestra responsabilidad en ser agentes de cambio y generadores de bienestar para la empresa, las comunidades y el pa\u00eds, siendo fuente de empleo digno y aportando al progreso de las comunidades.<\/p>\n<p>Estamos altamente comprometidos con el cuidado de nuestros ecosistemas, para dejar un mejor planeta a las generaciones futuras, aportando a la protecci\u00f3n del agua y la implementaci\u00f3n de buenas pr\u00e1cticas para proteger y salvaguardar la fauna y la flora de nuestras regiones, reconociendo que nuestra tierra es nuestro hogar y nuestro futuro.<\/p>\n<p><img loading=\"lazy\" decoding=\"async\" class=\"aligncenter wp-image-136 size-full\" src=\"https:\/\/www.cfslogistics.co\/informe-sostenibilidad\/wp-content\/uploads\/2021\/03\/carta-del-presidente-desarrollo-sostenibilidad-cfs-logistic.png\" alt=\"\" width=\"710\" height=\"209\" \/><\/p>\n<p>El 2020 fue un a\u00f1o retador, durante el cual continuamos cumpliendo con nuestros compromisos, proyect\u00e1ndonos y creciendo a pesar de las dificultades, sumando a los esfuerzos emprendidos por los gobiernos nacional, regional y local, para proteger la salud de nuestros empleados, sus familias y nuestras comunidades. Una vez m\u00e1s reafirmamos nuestra vocaci\u00f3n agroindustrial y el indeclinable compromiso con el campo colombiano, por una empresa que es de todos y para todos, donde JuntoSumamos.<\/p>\n<p>Este Informe fue elaborado bajo la metodolog\u00eda GRI (Global Reporting Initiative) e incorpora un contexto de nuestra sostenibilidad y la percepci\u00f3n y expectativas de nuestros grupos de inter\u00e9s, para continuar encaminando nuestro trabajo a los m\u00e1s altos est\u00e1ndares y el cumplimiento de los Objetivos de Desarrollo Sostenible-ODS.<\/p>\n<p><span style=\"color: #004987;\"><strong>V\u00edctor Manuel Henr\u00edquez Restrepo<br \/>\n<\/strong>Presidente ||| Grupo GreenLand<\/span><\/p>","protected":false},"excerpt":{"rendered":"<p>(102-14) Este Informe de Sostenibilidad da cuenta de las acciones emprendidas durante el a\u00f1o 2020, en t\u00e9rminos ambientales, sociales y econ\u00f3micos. Es el resultado de un trabajo integrado, llevado a cabo por las diferentes compa\u00f1\u00edas que integran el Grupo Empresarial GreenLand, que surge gracias a 40 a\u00f1os de trayectoria y al apoyo de nuestros accionistas [&hellip;]<\/p>\n","protected":false},"author":1,"featured_media":59,"parent":0,"menu_order":0,"comment_status":"closed","ping_status":"closed","template":"","meta":{"footnotes":""},"class_list":["post-57","page","type-page","status-publish","has-post-thumbnail","hentry"],"_links":{"self":[{"href":"https:\/\/www.cfslogistics.co\/informe-sostenibilidad\/wp-json\/wp\/v2\/pages\/57","targetHints":{"allow":["GET"]}}],"collection":[{"href":"https:\/\/www.cfslogistics.co\/informe-sostenibilidad\/wp-json\/wp\/v2\/pages"}],"about":[{"href":"https:\/\/www.cfslogistics.co\/informe-sostenibilidad\/wp-json\/wp\/v2\/types\/page"}],"author":[{"embeddable":true,"href":"https:\/\/www.cfslogistics.co\/informe-sostenibilidad\/wp-json\/wp\/v2\/users\/1"}],"replies":[{"embeddable":true,"href":"https:\/\/www.cfslogistics.co\/informe-sostenibilidad\/wp-json\/wp\/v2\/comments?post=57"}],"version-history":[{"count":7,"href":"https:\/\/www.cfslogistics.co\/informe-sostenibilidad\/wp-json\/wp\/v2\/pages\/57\/revisions"}],"predecessor-version":[{"id":387,"href":"https:\/\/www.cfslogistics.co\/informe-sostenibilidad\/wp-json\/wp\/v2\/pages\/57\/revisions\/387"}],"wp:featuredmedia":[{"embeddable":true,"href":"https:\/\/www.cfslogistics.co\/informe-sostenibilidad\/wp-json\/wp\/v2\/media\/59"}],"wp:attachment":[{"href":"https:\/\/www.cfslogistics.co\/informe-sostenibilidad\/wp-json\/wp\/v2\/media?parent=57"}],"curies":[{"name":"wp","href":"https:\/\/api.w.org\/{rel}","templated":true}]}}